{"id":8082,"date":"2025-11-27T14:26:36","date_gmt":"2025-11-27T14:26:36","guid":{"rendered":"https:\/\/unicasa.co\/?page_id=8082"},"modified":"2025-11-27T14:35:37","modified_gmt":"2025-11-27T14:35:37","slug":"depilasion-laser","status":"publish","type":"page","link":"https:\/\/unicasa.co\/fr\/depilasion-laser\/","title":{"rendered":"Tratamientos Esteticos- 2"},"content":{"rendered":"<div data-elementor-type=\"wp-page\" data-elementor-id=\"8082\" class=\"elementor elementor-8082\" data-elementor-settings=\"{&quot;ha_cmc_init_switcher&quot;:&quot;no&quot;}\" data-elementor-post-type=\"page\">\n\t\t\t\t<div class=\"elementor-element elementor-element-f115ea1 e-flex e-con-boxed e-con e-parent\" data-id=\"f115ea1\" data-element_type=\"container\" data-e-type=\"container\" data-settings=\"{&quot;_ha_eqh_enable&quot;:false}\">\n\t\t\t\t\t<div class=\"e-con-inner\">\n\t\t\t\t<div class=\"elementor-element elementor-element-d8a5b24 elementor-widget elementor-widget-heading\" data-id=\"d8a5b24\" data-element_type=\"widget\" data-e-type=\"widget\" data-widget_type=\"heading.default\">\n\t\t\t\t<div class=\"elementor-widget-container\">\n\t\t\t\t\t<h2 class=\"elementor-heading-title elementor-size-default\">Depilaci\u00f3n L\u00e1ser en Unipharm: Tu Piel M\u00e1s Suave, Segura y Libre de Vello\n<\/h2>\t\t\t\t<\/div>\n\t\t\t\t<\/div>\n\t\t\t\t<div class=\"elementor-element elementor-element-4a21780 elementor-widget elementor-widget-spacer\" data-id=\"4a21780\" data-element_type=\"widget\" data-e-type=\"widget\" data-widget_type=\"spacer.default\">\n\t\t\t\t<div class=\"elementor-widget-container\">\n\t\t\t\t\t\t\t<div class=\"elementor-spacer\">\n\t\t\t<div class=\"elementor-spacer-inner\"><\/div>\n\t\t<\/div>\n\t\t\t\t\t\t<\/div>\n\t\t\t\t<\/div>\n\t\t\t\t\t<\/div>\n\t\t\t\t<\/div>\n\t\t<div class=\"elementor-element elementor-element-67de2bff e-flex e-con-boxed e-con e-parent\" data-id=\"67de2bff\" data-element_type=\"container\" data-e-type=\"container\" data-settings=\"{&quot;_ha_eqh_enable&quot;:false}\">\n\t\t\t\t\t<div class=\"e-con-inner\">\n\t\t\t\t<div class=\"elementor-element elementor-element-63354d1 elementor-widget elementor-widget-image\" data-id=\"63354d1\" data-element_type=\"widget\" data-e-type=\"widget\" data-widget_type=\"image.default\">\n\t\t\t\t<div class=\"elementor-widget-container\">\n\t\t\t\t\t\t\t\t\t\t\t\t\t\t\t<img fetchpriority=\"high\" decoding=\"async\" width=\"768\" height=\"512\" src=\"https:\/\/unicasa.co\/wp-content\/uploads\/2025\/11\/depilacion-laser-terapia-de-depilacion-768x512.jpg\" class=\"attachment-medium_large size-medium_large wp-image-8084\" alt=\"\" srcset=\"https:\/\/unicasa.co\/wp-content\/uploads\/2025\/11\/depilacion-laser-terapia-de-depilacion-768x512.jpg 768w, https:\/\/unicasa.co\/wp-content\/uploads\/2025\/11\/depilacion-laser-terapia-de-depilacion-300x200.jpg 300w, https:\/\/unicasa.co\/wp-content\/uploads\/2025\/11\/depilacion-laser-terapia-de-depilacion-1024x682.jpg 1024w, https:\/\/unicasa.co\/wp-content\/uploads\/2025\/11\/depilacion-laser-terapia-de-depilacion-1536x1024.jpg 1536w, https:\/\/unicasa.co\/wp-content\/uploads\/2025\/11\/depilacion-laser-terapia-de-depilacion-18x12.jpg 18w, https:\/\/unicasa.co\/wp-content\/uploads\/2025\/11\/depilacion-laser-terapia-de-depilacion-600x400.jpg 600w, https:\/\/unicasa.co\/wp-content\/uploads\/2025\/11\/depilacion-laser-terapia-de-depilacion.jpg 2000w\" sizes=\"(max-width: 768px) 100vw, 768px\" \/>\t\t\t\t\t\t\t\t\t\t\t\t\t\t\t<\/div>\n\t\t\t\t<\/div>\n\t\t\t\t<div class=\"elementor-element elementor-element-31e83c32 elementor-widget elementor-widget-text-editor\" data-id=\"31e83c32\" data-element_type=\"widget\" data-e-type=\"widget\" data-widget_type=\"text-editor.default\">\n\t\t\t\t<div class=\"elementor-widget-container\">\n\t\t\t\t\t\t\t\t\t<p><\/p>\n<p>Descubre los beneficios de la depilaci\u00f3n l\u00e1ser en Unipharm. Tratamientos seguros, r\u00e1pidos y efectivos para eliminar el vello de forma duradera. Conoce nuestras zonas, precios y ventajas.<\/p>\n<h2 data-start=\"538\" data-end=\"592\"><strong data-start=\"543\" data-end=\"592\">Depilaci\u00f3n L\u00e1ser: \u00bfQu\u00e9 es y por qu\u00e9 elegirla?<\/strong><\/h2>\n<p data-start=\"594\" data-end=\"848\">La <strong data-start=\"597\" data-end=\"617\">depilaci\u00f3n l\u00e1ser<\/strong> es un tratamiento est\u00e9tico avanzado que utiliza un haz de luz para eliminar el vello desde la ra\u00edz. Es uno de los m\u00e9todos m\u00e1s efectivos y duraderos, ideal para quienes buscan olvidarse de la cera, el rasurado y el dolor frecuente.<\/p>\n<p data-start=\"850\" data-end=\"1120\">En Unipharm trabajamos con tecnolog\u00eda de <strong data-start=\"891\" data-end=\"912\">\u00faltima generaci\u00f3n<\/strong>, que permite realizar sesiones m\u00e1s r\u00e1pidas, seguras y aptas para todo tipo de pieles, incluyendo pieles sensibles o oscuras.<br data-start=\"1037\" data-end=\"1040\" \/>El resultado: <strong data-start=\"1054\" data-end=\"1119\">menos dolor, mejores resultados y una piel cada vez m\u00e1s suave<\/strong>.<\/p>\n<h2 data-start=\"1127\" data-end=\"1172\"><strong data-start=\"1133\" data-end=\"1172\">C\u00f3mo funciona la depilaci\u00f3n l\u00e1ser?<\/strong><\/h2>\n<p data-start=\"1174\" data-end=\"1469\">El l\u00e1ser emite energ\u00eda que es absorbida por la melanina del fol\u00edculo piloso. Esa energ\u00eda destruye el fol\u00edculo, impidiendo que el vello vuelva a crecer con la misma fuerza.<br data-start=\"1345\" data-end=\"1348\" \/>Con cada sesi\u00f3n, la cantidad de vello se reduce notablemente, hasta lograr una disminuci\u00f3n permanente en la zona tratada.<\/p>\n<p data-start=\"1471\" data-end=\"1591\">La mayor\u00eda de las personas requieren entre <strong data-start=\"1514\" data-end=\"1533\">8 y 14 sesiones<\/strong>, seg\u00fan el tipo de piel, grosor del vello y \u00e1rea a tratar.<\/p>\n<p data-start=\"850\" data-end=\"1120\">\u00a0<\/p>\n<p><\/p>\n<p><\/p>\n<p><\/p>\n<p><\/p>\n<p><\/p>\t\t\t\t\t\t\t\t<\/div>\n\t\t\t\t<\/div>\n\t\t\t\t\t<\/div>\n\t\t\t\t<\/div>\n\t\t<div class=\"elementor-element elementor-element-bda9c54 e-flex e-con-boxed e-con e-parent\" data-id=\"bda9c54\" data-element_type=\"container\" data-e-type=\"container\" data-settings=\"{&quot;_ha_eqh_enable&quot;:false}\">\n\t\t\t\t\t<div class=\"e-con-inner\">\n\t\t<div class=\"elementor-element elementor-element-25af8c3 e-con-full e-flex e-con e-child\" data-id=\"25af8c3\" data-element_type=\"container\" data-e-type=\"container\" data-settings=\"{&quot;_ha_eqh_enable&quot;:false}\">\n\t\t\t\t<div class=\"elementor-element elementor-element-043abed elementor-widget elementor-widget-text-editor\" data-id=\"043abed\" data-element_type=\"widget\" data-e-type=\"widget\" data-widget_type=\"text-editor.default\">\n\t\t\t\t<div class=\"elementor-widget-container\">\n\t\t\t\t\t\t\t\t\t<h2 data-start=\"1598\" data-end=\"1639\"><strong data-start=\"1604\" data-end=\"1639\">Ventajas de la depilaci\u00f3n l\u00e1ser<\/strong><\/h2>\n<ul data-start=\"1641\" data-end=\"1922\">\n<li data-start=\"1641\" data-end=\"1671\">\n<p data-start=\"1643\" data-end=\"1671\">\u2714 <strong data-start=\"1645\" data-end=\"1669\">Resultados duraderos<\/strong><\/p>\n<\/li>\n<li data-start=\"1672\" data-end=\"1717\">\n<p data-start=\"1674\" data-end=\"1717\">\u2714 <strong data-start=\"1676\" data-end=\"1691\">Menos dolor<\/strong> que la cera tradicional<\/p>\n<\/li>\n<li data-start=\"1718\" data-end=\"1766\">\n<p data-start=\"1720\" data-end=\"1766\">\u2714 <strong data-start=\"1722\" data-end=\"1740\">Piel m\u00e1s suave<\/strong> desde la primera sesi\u00f3n<\/p>\n<\/li>\n<li data-start=\"1767\" data-end=\"1811\">\n<p data-start=\"1769\" data-end=\"1811\">\u2714 <strong data-start=\"1771\" data-end=\"1809\">Apta para diferentes tipos de piel<\/strong><\/p>\n<\/li>\n<li data-start=\"1812\" data-end=\"1887\">\n<p data-start=\"1814\" data-end=\"1887\">\u2714 <strong data-start=\"1816\" data-end=\"1885\">Reduce problemas como foliculitis, irritaci\u00f3n o vellos encarnados<\/strong><\/p>\n<\/li>\n<li data-start=\"1888\" data-end=\"1922\">\n<p data-start=\"1890\" data-end=\"1922\">\u2714 <strong data-start=\"1892\" data-end=\"1922\">Sesiones r\u00e1pidas y c\u00f3modas<\/strong><\/p>\n<\/li>\n<\/ul>\t\t\t\t\t\t\t\t<\/div>\n\t\t\t\t<\/div>\n\t\t\t\t<\/div>\n\t\t<div class=\"elementor-element elementor-element-3690695 e-con-full e-flex e-con e-child\" data-id=\"3690695\" data-element_type=\"container\" data-e-type=\"container\" data-settings=\"{&quot;_ha_eqh_enable&quot;:false}\">\n\t\t\t\t<div class=\"elementor-element elementor-element-7dfe5b4 elementor-widget elementor-widget-image\" data-id=\"7dfe5b4\" data-element_type=\"widget\" data-e-type=\"widget\" data-widget_type=\"image.default\">\n\t\t\t\t<div class=\"elementor-widget-container\">\n\t\t\t\t\t\t\t\t\t\t\t\t\t\t\t<img decoding=\"async\" width=\"682\" height=\"1024\" src=\"https:\/\/unicasa.co\/wp-content\/uploads\/2025\/11\/10242-682x1024.jpg\" class=\"attachment-large size-large wp-image-8085\" alt=\"\" srcset=\"https:\/\/unicasa.co\/wp-content\/uploads\/2025\/11\/10242-682x1024.jpg 682w, https:\/\/unicasa.co\/wp-content\/uploads\/2025\/11\/10242-200x300.jpg 200w, https:\/\/unicasa.co\/wp-content\/uploads\/2025\/11\/10242-768x1152.jpg 768w, https:\/\/unicasa.co\/wp-content\/uploads\/2025\/11\/10242-1024x1536.jpg 1024w, https:\/\/unicasa.co\/wp-content\/uploads\/2025\/11\/10242-8x12.jpg 8w, https:\/\/unicasa.co\/wp-content\/uploads\/2025\/11\/10242-600x900.jpg 600w, https:\/\/unicasa.co\/wp-content\/uploads\/2025\/11\/10242.jpg 1333w\" sizes=\"(max-width: 682px) 100vw, 682px\" \/>\t\t\t\t\t\t\t\t\t\t\t\t\t\t\t<\/div>\n\t\t\t\t<\/div>\n\t\t\t\t<\/div>\n\t\t\t\t\t<\/div>\n\t\t\t\t<\/div>\n\t\t<div class=\"elementor-element elementor-element-5f4cff9 e-flex e-con-boxed e-con e-parent\" data-id=\"5f4cff9\" data-element_type=\"container\" data-e-type=\"container\" data-settings=\"{&quot;_ha_eqh_enable&quot;:false}\">\n\t\t\t\t\t<div class=\"e-con-inner\">\n\t\t\t\t<div class=\"elementor-element elementor-element-9665386 elementor-widget elementor-widget-text-editor\" data-id=\"9665386\" data-element_type=\"widget\" data-e-type=\"widget\" data-widget_type=\"text-editor.default\">\n\t\t\t\t<div class=\"elementor-widget-container\">\n\t\t\t\t\t\t\t\t\t<h2 data-start=\"2831\" data-end=\"2888\"><strong data-start=\"2837\" data-end=\"2888\">\u00bfQui\u00e9nes pueden realizarse la depilaci\u00f3n l\u00e1ser?<\/strong><\/h2>\n<p data-start=\"2890\" data-end=\"2929\">La depilaci\u00f3n l\u00e1ser es adecuada para:<\/p>\n<ul data-start=\"2930\" data-end=\"3086\">\n<li data-start=\"2930\" data-end=\"2968\">\n<p data-start=\"2932\" data-end=\"2968\">Personas con vello oscuro o medio.<\/p>\n<\/li>\n<li data-start=\"2969\" data-end=\"3006\">\n<p data-start=\"2971\" data-end=\"3006\">Pieles claras, morenas u oscuras.<\/p>\n<\/li>\n<li data-start=\"3007\" data-end=\"3029\">\n<p data-start=\"3009\" data-end=\"3029\">Hombres y mujeres.<\/p>\n<\/li>\n<li data-start=\"3030\" data-end=\"3086\">\n<p data-start=\"3032\" data-end=\"3086\">Personas con crecimiento excesivo o vellos encarnados.<\/p>\n<\/li>\n<\/ul>\n<p data-start=\"3088\" data-end=\"3205\">No se recomienda en casos de embarazo, lactancia temprana, infecciones cut\u00e1neas activas o enfermedades fotosensibles.<\/p>\t\t\t\t\t\t\t\t<\/div>\n\t\t\t\t<\/div>\n\t\t\t\t\t<\/div>\n\t\t\t\t<\/div>\n\t\t<div class=\"elementor-element elementor-element-7b5e055 e-flex e-con-boxed e-con e-parent\" data-id=\"7b5e055\" data-element_type=\"container\" data-e-type=\"container\" data-settings=\"{&quot;_ha_eqh_enable&quot;:false}\">\n\t\t\t\t\t<div class=\"e-con-inner\">\n\t\t\t\t<div class=\"elementor-element elementor-element-21bc8fa elementor-widget elementor-widget-image\" data-id=\"21bc8fa\" data-element_type=\"widget\" data-e-type=\"widget\" data-widget_type=\"image.default\">\n\t\t\t\t<div class=\"elementor-widget-container\">\n\t\t\t\t\t\t\t\t\t\t\t\t\t\t\t<img decoding=\"async\" width=\"626\" height=\"417\" src=\"https:\/\/unicasa.co\/wp-content\/uploads\/2025\/11\/mujer-negra-brasilena-realizando-depilacion-laser-vientre-abdomen_432566-10546.avif\" class=\"attachment-large size-large wp-image-8086\" alt=\"\" srcset=\"https:\/\/unicasa.co\/wp-content\/uploads\/2025\/11\/mujer-negra-brasilena-realizando-depilacion-laser-vientre-abdomen_432566-10546.avif 626w, https:\/\/unicasa.co\/wp-content\/uploads\/2025\/11\/mujer-negra-brasilena-realizando-depilacion-laser-vientre-abdomen_432566-10546-300x200.avif 300w, https:\/\/unicasa.co\/wp-content\/uploads\/2025\/11\/mujer-negra-brasilena-realizando-depilacion-laser-vientre-abdomen_432566-10546-18x12.avif 18w, https:\/\/unicasa.co\/wp-content\/uploads\/2025\/11\/mujer-negra-brasilena-realizando-depilacion-laser-vientre-abdomen_432566-10546-600x400.avif 600w\" sizes=\"(max-width: 626px) 100vw, 626px\" \/>\t\t\t\t\t\t\t\t\t\t\t\t\t\t\t<\/div>\n\t\t\t\t<\/div>\n\t\t\t\t\t<\/div>\n\t\t\t\t<\/div>\n\t\t<div class=\"elementor-element elementor-element-78d7e18 e-flex e-con-boxed e-con e-parent\" data-id=\"78d7e18\" data-element_type=\"container\" data-e-type=\"container\" data-settings=\"{&quot;_ha_eqh_enable&quot;:false}\">\n\t\t\t\t\t<div class=\"e-con-inner\">\n\t\t\t\t<div class=\"elementor-element elementor-element-7193ea4 elementor-widget elementor-widget-text-editor\" data-id=\"7193ea4\" data-element_type=\"widget\" data-e-type=\"widget\" data-widget_type=\"text-editor.default\">\n\t\t\t\t<div class=\"elementor-widget-container\">\n\t\t\t\t\t\t\t\t\t<h2 data-start=\"3212\" data-end=\"3265\"><strong data-start=\"3217\" data-end=\"3265\">Recomendaciones antes y despu\u00e9s de la sesi\u00f3n<\/strong><\/h2>\n<h3 data-start=\"3267\" data-end=\"3277\">Antes:<\/h3>\n<ul data-start=\"3278\" data-end=\"3389\">\n<li data-start=\"3278\" data-end=\"3313\">\n<p data-start=\"3280\" data-end=\"3313\">Rasurar la zona 24 horas antes.<\/p>\n<\/li>\n<li data-start=\"3314\" data-end=\"3357\">\n<p data-start=\"3316\" data-end=\"3357\">No usar cera ni pinzas 10 d\u00edas previos.<\/p>\n<\/li>\n<li data-start=\"3358\" data-end=\"3389\">\n<p data-start=\"3360\" data-end=\"3389\">Evitar el sol 48 horas antes.<\/p>\n<\/li>\n<\/ul>\n<h3 data-start=\"3391\" data-end=\"3403\">Despu\u00e9s:<\/h3>\n<ul data-start=\"3404\" data-end=\"3529\">\n<li data-start=\"3404\" data-end=\"3444\">\n<p data-start=\"3406\" data-end=\"3444\">Evitar calor excesivo o sol directo.<\/p>\n<\/li>\n<li data-start=\"3445\" data-end=\"3478\">\n<p data-start=\"3447\" data-end=\"3478\">Hidratar la zona diariamente.<\/p>\n<\/li>\n<li data-start=\"3479\" data-end=\"3529\">\n<p data-start=\"3481\" data-end=\"3529\">No rascar ni exfoliar durante los primeros d\u00edas.<\/p>\n<\/li>\n<\/ul>\n<div>\u00a0<\/div>\n<div>\n<h2 data-start=\"3536\" data-end=\"3591\"><strong data-start=\"3542\" data-end=\"3591\">Unipharm: tu mejor opci\u00f3n en cuidado est\u00e9tico<\/strong><\/h2>\n<p data-start=\"3593\" data-end=\"3764\">En Unipharm combinamos <strong data-start=\"3616\" data-end=\"3645\">profesionales capacitados<\/strong>, equipos modernos y un ambiente c\u00f3modo para garantizar que cada sesi\u00f3n sea segura, r\u00e1pida y con excelentes resultados.<\/p>\n<p data-start=\"3766\" data-end=\"3814\">Tu piel merece lo mejor\u2026 y nosotros te lo damos.<\/p>\n<\/div>\t\t\t\t\t\t\t\t<\/div>\n\t\t\t\t<\/div>\n\t\t\t\t\t<\/div>\n\t\t\t\t<\/div>\n\t\t<div class=\"elementor-element elementor-element-e8db7f2 e-flex e-con-boxed e-con e-parent\" data-id=\"e8db7f2\" data-element_type=\"container\" data-e-type=\"container\" data-settings=\"{&quot;_ha_eqh_enable&quot;:false}\">\n\t\t\t\t\t<div class=\"e-con-inner\">\n\t\t\t\t<div class=\"elementor-element elementor-element-8a30e16 elementor-align-center elementor-widget elementor-widget-button\" data-id=\"8a30e16\" data-element_type=\"widget\" data-e-type=\"widget\" data-widget_type=\"button.default\">\n\t\t\t\t<div class=\"elementor-widget-container\">\n\t\t\t\t\t\t\t\t\t<div class=\"elementor-button-wrapper\">\n\t\t\t\t\t<a class=\"elementor-button elementor-button-link elementor-size-sm elementor-animation-grow\" href=\"https:\/\/w.app\/unipharm\">\n\t\t\t\t\t\t<span class=\"elementor-button-content-wrapper\">\n\t\t\t\t\t\t<span class=\"elementor-button-icon\">\n\t\t\t\t<i aria-hidden=\"true\" class=\"fab fa-whatsapp\"><\/i>\t\t\t<\/span>\n\t\t\t\t\t\t\t\t\t<span class=\"elementor-button-text\">AGENDA TU CITA AHORA!<\/span>\n\t\t\t\t\t<\/span>\n\t\t\t\t\t<\/a>\n\t\t\t\t<\/div>\n\t\t\t\t\t\t\t\t<\/div>\n\t\t\t\t<\/div>\n\t\t\t\t\t<\/div>\n\t\t\t\t<\/div>\t\t<\/div>","protected":false},"excerpt":{"rendered":"<p>Depilaci\u00f3n L\u00e1ser en Unipharm: Tu Piel M\u00e1s Suave, Segura y Libre de Vello Descubre los beneficios de la depilaci\u00f3n l\u00e1ser en Unipharm. Tratamientos seguros, r\u00e1pidos y efectivos para eliminar el vello de forma duradera. Conoce nuestras zonas, precios y ventajas. Depilaci\u00f3n L\u00e1ser: \u00bfQu\u00e9 es y por qu\u00e9 elegirla? La depilaci\u00f3n l\u00e1ser es un tratamiento est\u00e9tico [&hellip;]<\/p>","protected":false},"author":2,"featured_media":0,"parent":0,"menu_order":0,"comment_status":"closed","ping_status":"closed","template":"","meta":{"site-sidebar-layout":"default","site-content-layout":"","ast-site-content-layout":"default","site-content-style":"default","site-sidebar-style":"default","ast-global-header-display":"","ast-banner-title-visibility":"","ast-main-header-display":"","ast-hfb-above-header-display":"","ast-hfb-below-header-display":"","ast-hfb-mobile-header-display":"","site-post-title":"","ast-breadcrumbs-content":"","ast-featured-img":"","footer-sml-layout":"","ast-disable-related-posts":"","theme-transparent-header-meta":"","adv-header-id-meta":"","stick-header-meta":"","header-above-stick-meta":"","header-main-stick-meta":"","header-below-stick-meta":"","astra-migrate-meta-layouts":"set","ast-page-background-enabled":"default","ast-page-background-meta":{"desktop":{"background-color":"","background-image":"","background-repeat":"repeat","background-position":"center center","background-size":"auto","background-attachment":"scroll","background-type":"","background-media":"","overlay-type":"","overlay-color":"","overlay-opacity":"","overlay-gradient":""},"tablet":{"background-color":"","background-image":"","background-repeat":"repeat","background-position":"center center","background-size":"auto","background-attachment":"scroll","background-type":"","background-media":"","overlay-type":"","overlay-color":"","overlay-opacity":"","overlay-gradient":""},"mobile":{"background-color":"","background-image":"","background-repeat":"repeat","background-position":"center center","background-size":"auto","background-attachment":"scroll","background-type":"","background-media":"","overlay-type":"","overlay-color":"","overlay-opacity":"","overlay-gradient":""}},"ast-content-background-meta":{"desktop":{"background-color":"var(--ast-global-color-5)","background-image":"","background-repeat":"repeat","background-position":"center center","background-size":"auto","background-attachment":"scroll","background-type":"","background-media":"","overlay-type":"","overlay-color":"","overlay-opacity":"","overlay-gradient":""},"tablet":{"background-color":"var(--ast-global-color-5)","background-image":"","background-repeat":"repeat","background-position":"center center","background-size":"auto","background-attachment":"scroll","background-type":"","background-media":"","overlay-type":"","overlay-color":"","overlay-opacity":"","overlay-gradient":""},"mobile":{"background-color":"var(--ast-global-color-5)","background-image":"","background-repeat":"repeat","background-position":"center center","background-size":"auto","background-attachment":"scroll","background-type":"","background-media":"","overlay-type":"","overlay-color":"","overlay-opacity":"","overlay-gradient":""}},"footnotes":""},"class_list":["post-8082","page","type-page","status-publish","hentry"],"_links":{"self":[{"href":"https:\/\/unicasa.co\/fr\/wp-json\/wp\/v2\/pages\/8082"}],"collection":[{"href":"https:\/\/unicasa.co\/fr\/wp-json\/wp\/v2\/pages"}],"about":[{"href":"https:\/\/unicasa.co\/fr\/wp-json\/wp\/v2\/types\/page"}],"author":[{"embeddable":true,"href":"https:\/\/unicasa.co\/fr\/wp-json\/wp\/v2\/users\/2"}],"replies":[{"embeddable":true,"href":"https:\/\/unicasa.co\/fr\/wp-json\/wp\/v2\/comments?post=8082"}],"version-history":[{"count":8,"href":"https:\/\/unicasa.co\/fr\/wp-json\/wp\/v2\/pages\/8082\/revisions"}],"predecessor-version":[{"id":8095,"href":"https:\/\/unicasa.co\/fr\/wp-json\/wp\/v2\/pages\/8082\/revisions\/8095"}],"wp:attachment":[{"href":"https:\/\/unicasa.co\/fr\/wp-json\/wp\/v2\/media?parent=8082"}],"curies":[{"name":"wp","href":"https:\/\/api.w.org\/{rel}","templated":true}]}}